{"id":13645,"date":"2018-06-25T09:14:47","date_gmt":"2018-06-25T09:14:47","guid":{"rendered":"https:\/\/cerkafor.com\/politica-de-cookies\/"},"modified":"2022-03-05T01:54:40","modified_gmt":"2022-03-05T01:54:40","slug":"politica-de-cookies","status":"publish","type":"page","link":"https:\/\/cerkafor.com\/pt-pt\/politica-de-cookies\/","title":{"rendered":"POL\u00cdTICA DE COOKIES"},"content":{"rendered":"\n<h2 class=\"wp-block-heading\"><strong>Pol\u00edtica de cookies<\/strong><\/h2>\n\n<p>Um dos artigos da LSSI (Lei da Sociedade da Informa\u00e7\u00e3o e Com\u00e9rcio Electr\u00f3nico), obriga-nos a inform\u00e1-lo sobre o tipo de cookies, a dura\u00e7\u00e3o e a finalidade de cada um deles. Estamos felizes em faz\u00ea-lo, porque este site \u00e9 totalmente transparente.<\/p>\n\n<p>Voc\u00ea pode recusar a instala\u00e7\u00e3o de cookies bloqueando-os atrav\u00e9s das configura\u00e7\u00f5es do seu navegador. No entanto, devo inform\u00e1-lo que, se o fizer, este site n\u00e3o funcionar\u00e1 corretamente. Se voc\u00ea deseja bloquear cookies, aqui est\u00e3o as instru\u00e7\u00f5es para faz\u00ea-lo de acordo com o navegador que voc\u00ea est\u00e1 usando:<\/p>\n\n<p><a href=\"http:\/\/support.google.com\/chrome\/bin\/answer.py?hl=es-419&amp;answer=95647\">Google Chrome<\/a> \u2013 <a href=\"http:\/\/windows.microsoft.com\/es-xl\/internet-explorer\/delete-manage-cookies#ie=ie-10\">Internet Explorer<\/a> \u2013 <a href=\"http:\/\/support.mozilla.org\/es\/kb\/habilitar-y-deshabilitar-cookies-que-los-sitios-we\">Mozilla Firefox<\/a> \u2013 <a href=\"http:\/\/support.apple.com\/kb\/HT1677?viewlocale=es_ES%20%97%20http:\/\/support.apple.com\/kb\/ph5042\">Apple Safari<\/a><\/p>\n\n<p>Convidamo-lo a ler primeiro esta pol\u00edtica de cookies e lembre-se que se continuar a navegar na web, entende-se que aceita a sua utiliza\u00e7\u00e3o.<\/p>\n\n<p>Caso voc\u00ea encontre cookies neste site que n\u00e3o estejam listados na lista, por favor me avise para que eu possa verificar e inclu\u00ed-los.<\/p>\n\n<h2 class=\"wp-block-heading\"><strong>O que \u00e9 um biscoito?<\/strong><\/h2>\n\n<p>Cookies s\u00e3o pequenos arquivos que s\u00e3o armazenados no dispositivo que voc\u00ea usa para navegar na Internet e que podem salvar informa\u00e7\u00f5es sobre a frequ\u00eancia com que voc\u00ea visita o site, suas prefer\u00eancias de navega\u00e7\u00e3o, as informa\u00e7\u00f5es que mais lhe interessam. Isto permite-nos, cada vez que acede a <strong>www.cerkafor.com<\/strong>, melhorar a qualidade e usabilidade do nosso website.<\/p>\n\n<p>Os cookies s\u00e3o essenciais para o funcionamento da Internet; n\u00e3o podem danificar o equipamento\/dispositivo do utilizador e, se estiverem ativados nas configura\u00e7\u00f5es do navegador, ajudam-nos a identificar e resolver poss\u00edveis erros no funcionamento de <strong>www.cerkafor.com.<\/strong><\/p>\n\n<p>Os cookies permitem que uma p\u00e1gina web, entre outras coisas, armazene e recupere informa\u00e7\u00e3o sobre os h\u00e1bitos de navega\u00e7\u00e3o de um utilizador ou do seu equipamento e, dependendo da informa\u00e7\u00e3o que contenham e da forma como utiliza o seu equipamento, podem ser utilizados para reconhecer do utilizador.<\/p>\n\n<p>O navegador do usu\u00e1rio armazena cookies no disco r\u00edgido apenas durante a sess\u00e3o atual, ocupando um espa\u00e7o m\u00ednimo de mem\u00f3ria e n\u00e3o prejudicando o computador. Os cookies n\u00e3o cont\u00eam nenhum tipo de informa\u00e7\u00e3o pessoal espec\u00edfica, e a maioria deles \u00e9 apagada do disco r\u00edgido no final da sess\u00e3o do navegador (os chamados cookies de sess\u00e3o).<\/p>\n\n<p>A maioria dos navegadores aceita cookies como padr\u00e3o e, independentemente deles, permite ou impede cookies tempor\u00e1rios ou armazenados nas configura\u00e7\u00f5es de seguran\u00e7a.<\/p>\n\n<p>Sem o seu consentimento expresso \u2013 ativando os cookies no seu navegador \u2013 www.cerkafor.com n\u00e3o vincular\u00e1 os dados armazenados com os seus dados pessoais fornecidos no momento do registo ou compra dos cookies.<\/p>\n\n<h2 class=\"wp-block-heading\"><strong>Quais cookies s\u00e3o usados \u200b\u200bneste site?<\/strong><\/h2>\n\n<p><strong>Cookies t\u00e9cnicos:<\/strong> S\u00e3o aqueles que permitem ao utilizador navegar atrav\u00e9s de uma p\u00e1gina web, plataforma ou aplica\u00e7\u00e3o e utilizar as diferentes op\u00e7\u00f5es ou servi\u00e7os nela existentes, como, por exemplo, controlar o tr\u00e1fego e a comunica\u00e7\u00e3o de dados, identificar a sess\u00e3o, aceder a partes de aceder, recordar os elementos que comp\u00f5em uma encomenda, efetuar o processo de compra de uma encomenda, efetuar o pedido de inscri\u00e7\u00e3o ou participa\u00e7\u00e3o num evento, utilizar elementos de seguran\u00e7a durante a navega\u00e7\u00e3o, armazenar conte\u00fados para divulga\u00e7\u00e3o de v\u00eddeos ou som ou partilhar conte\u00fados atrav\u00e9s de redes sociais.<\/p>\n\n<p><strong>Cookies de personaliza\u00e7\u00e3o:<\/strong> S\u00e3o aqueles que permitem ao usu\u00e1rio acessar o servi\u00e7o com algumas caracter\u00edsticas gerais pr\u00e9-definidas com base em uma s\u00e9rie de crit\u00e9rios no terminal do usu\u00e1rio, como o idioma, o tipo de navegador pelo qual o servi\u00e7o \u00e9 acessado, a configura\u00e7\u00e3o regional de onde voc\u00ea acessa o servi\u00e7o, etc<\/p>\n\n<p><strong>Cookies de an\u00e1lise:<\/strong>S\u00e3o aqueles que, bem tratados por n\u00f3s ou por terceiros, nos permitem quantificar o n\u00famero de usu\u00e1rios e assim realizar a medi\u00e7\u00e3o e an\u00e1lise estat\u00edstica do uso feito pelos usu\u00e1rios do servi\u00e7o oferecido. Para isso, a sua navega\u00e7\u00e3o no nosso website \u00e9 analisada de forma a melhorar a oferta de produtos ou servi\u00e7os que lhe oferecemos.<\/p>\n\n<p><strong>Cookies de publicidade:<\/strong> S\u00e3o aqueles que, bem tratados por n\u00f3s ou por terceiros, nos permitem gerir da forma mais eficiente poss\u00edvel a oferta dos espa\u00e7os publicit\u00e1rios que se encontram na p\u00e1gina web, adaptando o conte\u00fado do an\u00fancio ao conte\u00fado do servi\u00e7o solicitado ou ao uso que voc\u00ea faz do nosso site. Para isso, podemos analisar seus h\u00e1bitos de navega\u00e7\u00e3o na Internet e mostrar publicidade relacionada ao seu perfil de navega\u00e7\u00e3o.<\/p>\n\n<p><strong>Cookies de publicidade comportamental:<\/strong> S\u00e3o aqueles que permitem a gest\u00e3o, da forma mais eficiente poss\u00edvel, dos espa\u00e7os publicit\u00e1rios que, se for o caso, o editor tenha inclu\u00eddo numa p\u00e1gina web, aplica\u00e7\u00e3o ou plataforma a partir da qual \u00e9 prestado o servi\u00e7o solicitado. Esses cookies armazenam informa\u00e7\u00f5es sobre o comportamento dos usu\u00e1rios obtidas atrav\u00e9s da observa\u00e7\u00e3o cont\u00ednua de seus h\u00e1bitos de navega\u00e7\u00e3o, o que permite o desenvolvimento de um perfil espec\u00edfico para exibir publicidade com base nele.<\/p>\n\n<p>Os cookies que uso neste site ajudam:<\/p>\n\n<ul><li>O funcionamento correto do mesmo e lembre-se de suas configura\u00e7\u00f5es para economizar tempo.<\/li><li>Ver v\u00eddeos, sem eles voc\u00ea n\u00e3o poderia.<\/li><li>que voc\u00ea pode deixar coment\u00e1rios<\/li><li>que voc\u00ea pode compartilhar o conte\u00fado nas redes sociais.<\/li><li>melhorar o site gra\u00e7as \u00e0s an\u00e1lises que realizamos.<\/li><li>melhorar a velocidade e a seguran\u00e7a da web<\/li><li>que voc\u00ea obt\u00e9m receita de links de afiliados (sempre de produtos ou servi\u00e7os que n\u00f3s mesmos adquirimos)<\/li><\/ul>\n<h2 class=\"wp-block-heading\">Os cookies de terceiros que usamos neste site s\u00e3o:<\/h2>\n\n<p><strong>Cookies de WordPress<\/strong><\/p>\n\n<p>Para reconhec\u00ea-lo e fornecer-lhe um melhor servi\u00e7o, nosso site usa cookies de terceiros (pequenos arquivos de texto que s\u00e3o armazenados pelo seu navegador).<\/p>\n\n<figure class=\"wp-block-table\"><table><tbody><tr><td><strong>COOKIES DE PERSONALIZA\u00c7\u00c3O<\/strong><\/td><\/tr><tr><td><strong>Nome<\/strong><\/td><td><strong>Dura\u00e7\u00e3o<\/strong><\/td><td><strong>Objetivo<\/strong><\/td><\/tr><tr><td>icl_current_languajeWordPress<\/td><td>Expira no final da sess\u00e3o<\/td><td>Ele \u00e9 usado para que o gerenciador de conte\u00fado do WordPress verifique se o navegador possui cookies ativados. \u00c9 um cookie de terceiros: WordPress. <a href=\"https:\/\/automattic.com\/privacy\/\">Aqui voc\u00ea pode obter mais informa\u00e7\u00f5es.<\/a><\/td><\/tr><\/tbody><\/table><\/figure>\n<p><strong>Cookies do Google Analytics<\/strong><\/p>\n\n<p>O site utiliza o servi\u00e7o Google Analytics, que \u00e9 fornecido pela Google, Inc., uma entidade cuja sede se encontra em 1600 Amphitheatre Parkway, Mountain View (Calif\u00f3rnia), CA 94043, Estados Unidos (\u201cGoogle\u201d).<\/p>\n\n<p>O Google Analytics usa cookies para nos ajudar a analisar como os usu\u00e1rios usam o site. As informa\u00e7\u00f5es geradas pelo cookie sobre o uso do site (incluindo o endere\u00e7o IP) ser\u00e3o transmitidas e armazenadas diretamente pelo Google em seus servidores nos Estados Unidos. O Google usar\u00e1 essas informa\u00e7\u00f5es em nosso nome para rastrear seu uso do site, compilar relat\u00f3rios sobre a atividade do site e fornecer outros servi\u00e7os relacionados \u00e0 atividade do site e uso da Internet. O Google pode transmitir essas informa\u00e7\u00f5es a terceiros quando exigido por lei ou quando esses terceiros processarem as informa\u00e7\u00f5es em nome do Google. Nesses casos, o Google n\u00e3o associar\u00e1 seu endere\u00e7o IP a nenhum outro dado mantido pelo Google.<\/p>\n\n<figure class=\"wp-block-table\"><table><tbody><tr><td><strong>COOKIES ANAL\u00cdTICOS<\/strong><\/td><\/tr><tr><td><strong>Nome<\/strong><\/td><td><strong>Fornecedor<\/strong><\/td><td><strong>Objetivo<\/strong><\/td><\/tr><tr><td>_utma_utmb_utmc_utmz<\/td><td>GoogleAnalytics<\/td><td>Os cookies do Google Analytics geram um ID de usu\u00e1rio, que \u00e9 usado para contar quantas vezes o usu\u00e1rio visita www.cerkafor.com. Ele tamb\u00e9m registra quando foi a primeira e a \u00faltima vez que voc\u00ea visitou o site. Da mesma forma, calcula quando uma sess\u00e3o terminou, origem do usu\u00e1rio e palavras-chave.Cookies permanentes:_utma_utmzCookies tempor\u00e1rios:_utmb_utmc<\/td><\/tr><\/tbody><\/table><\/figure>\n<p>Desta forma, os cookies de an\u00e1lise podem ser usados \u200b\u200bpara reconhec\u00ea-lo em visitas sucessivas, obter informa\u00e7\u00f5es sobre a data e hora da sua \u00faltima visita, medir alguns par\u00e2metros de tr\u00e1fego dentro do pr\u00f3prio site e estimar o n\u00famero de visitas realizadas, para que possamos direcionar e ajustar os servi\u00e7os de forma mais eficaz.<\/p>\n\n<h4 class=\"wp-block-heading\"><strong>Cookies do YouTube<\/strong><\/h4>\n\n<p>A plataforma YouTube \u00e9 utilizada para incluir v\u00eddeos neste website, pelo que s\u00e3o instalados os pr\u00f3prios cookies da plataforma.<\/p>\n\n<figure class=\"wp-block-table\"><table><tbody><tr><td><strong>COOKIES DO YOUTUBE<\/strong><\/td><\/tr><tr><td><strong>Nome<\/strong><\/td><td><strong>Dura\u00e7\u00e3o<\/strong><\/td><td><strong>Objetivo<\/strong><\/td><\/tr><tr><td>Youtube<\/td><td>2 anos a partir da configura\u00e7\u00e3o<\/td><td>Permite incluir v\u00eddeos do YouTube. Este modo pode definir cookies em seu computador quando voc\u00ea clicar no player de v\u00eddeo do Youtube, mas o Youtube n\u00e3o armazenar\u00e1 informa\u00e7\u00f5es de cookies de identifica\u00e7\u00e3o pessoal da reprodu\u00e7\u00e3o de v\u00eddeo incorporado usando o modo de privacidade aprimorada. Mais informa\u00e7\u00f5es <a href=\"https:\/\/www.youtube.com\/t\/terms\">podem ser encontradas aqui.<\/a><\/td><\/tr><\/tbody><\/table><\/figure>\n<h4 class=\"wp-block-heading\"><strong>Cookies de afiliados<\/strong><\/h4>\n\n<p>Neste website utilizo links de afiliados exclusivamente para produtos e servi\u00e7os que considero de qualidade e que n\u00f3s pr\u00f3prios adquirimos. Para isso, esses cookies s\u00e3o instalados para poder rastrear e s\u00e3o criados por empresas especializadas. Nem os colaboradores nem eu podemos ser identificados pessoalmente.<\/p>\n\n<h4 class=\"wp-block-heading\"><strong>Cookies de redes sociais<\/strong><\/h4>\n\n<p>Esses cookies podem ser armazenados em seu navegador enquanto voc\u00ea navega na web, e cada uma das redes sociais possui suas pr\u00f3prias pol\u00edticas de cookies:<\/p>\n\n<p>\u2013 Cookies do Facebook, de acordo com as disposi\u00e7\u00f5es da sua <a href=\"https:\/\/www.facebook.com\/policies\/cookies\/\" target=\"_blank\" rel=\"noreferrer noopener\">Pol\u00edtica de Cookies<\/a><\/p>\n\n<p>\u2013 Cookies do Twitter, de acordo com as disposi\u00e7\u00f5es de sua <a href=\"https:\/\/support.twitter.com\/articles\/20170521\" target=\"_blank\" rel=\"noreferrer noopener\">Pol\u00edtica de Cookies<\/a><\/p>\n\n<p>\u2013 Cookies do Pinterest, de acordo com sua <a href=\"https:\/\/policy.pinterest.com\/es\/cookies\" target=\"_blank\" rel=\"noreferrer noopener\">Pol\u00edtica de Cookies<\/a><\/p>\n\n<p>\u2013 Cookies do Tumblr, conforme previsto em sua <a href=\"https:\/\/www.tumblr.com\/privacy\/es\" target=\"_blank\" rel=\"noreferrer noopener\">Pol\u00edtica de Privacidade<\/a><\/p>\n\n<p>\u2013 Cookies do Google+, de acordo com as disposi\u00e7\u00f5es da sua <a href=\"https:\/\/policies.google.com\/technologies\/cookies?hl=es\" target=\"_blank\" rel=\"noreferrer noopener\">Pol\u00edtica de Cookies<\/a><\/p>\n\n<p>\u2013 Cookies do Linkedin, de acordo com sua <a href=\"https:\/\/www.linkedin.com\/legal\/cookie-policy?trk=hp-cookies\">Pol\u00edtica de Cookies<\/a><\/p>\n\n<p>\u2013 Cookies do Instagram, conforme previsto em sua <a href=\"https:\/\/help.instagram.com\/1896641480634370?ref=ig\" target=\"_blank\" rel=\"noreferrer noopener\">Pol\u00edtica de Cookies<\/a><\/p>\n\n<p>\u2013 Cookies do Flickr, de acordo com as disposi\u00e7\u00f5es da sua <a href=\"https:\/\/policies.oath.com\/ie\/en\/oath\/privacy\/topics\/cookies\/index.html\" target=\"_blank\" rel=\"noreferrer noopener\">Pol\u00edtica de Cookies<\/a><\/p>\n\n<p>\u2013 Cookies Soundcloud, de acordo com sua <a href=\"https:\/\/soundcloud.com\/pages\/cookies\">Pol\u00edtica de Cookies<\/a><\/p>\n\n<p><em>Documento atualizado em 25 de junho de 2018.<\/em><\/p>\n\n<p><\/p>\n\n<p><\/p>\n\n<p><\/p>\n\n<p><\/p>\n","protected":false},"excerpt":{"rendered":"<p>Pol\u00edtica de cookies Um dos artigos da LSSI (Lei da Sociedade da Informa\u00e7\u00e3o e Com\u00e9rcio Electr\u00f3nico), obriga-nos a inform\u00e1-lo sobre o tipo de cookies, a dura\u00e7\u00e3o e a finalidade de cada um deles. Estamos felizes em faz\u00ea-lo, porque este site \u00e9 totalmente transparente. Voc\u00ea pode recusar a instala\u00e7\u00e3o de cookies bloqueando-os atrav\u00e9s das configura\u00e7\u00f5es do [&hellip;]<\/p>\n","protected":false},"author":1,"featured_media":0,"parent":0,"menu_order":0,"comment_status":"closed","ping_status":"closed","template":"","meta":{"_et_pb_use_builder":"","_et_pb_old_content":"","_et_gb_content_width":"","inline_featured_image":false,"footnotes":"","_joinchat":[]},"yoast_head":"<!-- This site is optimized with the Yoast SEO Premium plugin v21.6 (Yoast SEO v22.6) - https:\/\/yoast.com\/wordpress\/plugins\/seo\/ -->\n<title>Cerkafor Distribuci\u00f3n y Servicios - POL\u00cdTICA DE COOKIES<\/title>\n<meta name=\"description\" content=\"Pol\u00edtica de cookies Um dos artigos da LSSI (Lei da Sociedade da Informa\u00e7\u00e3o e Com\u00e9rcio Electr\u00f3nico), obriga-nos a inform\u00e1-lo sobre o tipo de cookies, a\" \/>\n<meta name=\"robots\" content=\"noindex, nofollow\" \/>\n<meta property=\"og:locale\" content=\"pt_PT\" \/>\n<meta property=\"og:type\" content=\"article\" \/>\n<meta property=\"og:title\" content=\"POL\u00cdTICA DE COOKIES\" \/>\n<meta property=\"og:description\" content=\"Pol\u00edtica de cookies Um dos artigos da LSSI (Lei da Sociedade da Informa\u00e7\u00e3o e Com\u00e9rcio Electr\u00f3nico), obriga-nos a inform\u00e1-lo sobre o tipo de cookies, a\" \/>\n<meta property=\"og:url\" content=\"https:\/\/cerkafor.com\/pt-pt\/politica-de-cookies\/\" \/>\n<meta property=\"og:site_name\" content=\"Cerkafor Distribuci\u00f3n y Servicios\" \/>\n<meta property=\"article:publisher\" content=\"https:\/\/www.facebook.com\/CERKAFOR\/\" \/>\n<meta property=\"article:modified_time\" content=\"2022-03-05T01:54:40+00:00\" \/>\n<meta property=\"og:image\" content=\"https:\/\/cerkafor.com\/wp-content\/uploads\/2018\/08\/Banner-fabricacion.jpg\" \/>\n\t<meta property=\"og:image:width\" content=\"1400\" \/>\n\t<meta property=\"og:image:height\" content=\"700\" \/>\n\t<meta property=\"og:image:type\" content=\"image\/jpeg\" \/>\n<meta name=\"twitter:card\" content=\"summary_large_image\" \/>\n<meta name=\"twitter:label1\" content=\"Est. reading time\" \/>\n\t<meta name=\"twitter:data1\" content=\"8 minutes\" \/>\n<script type=\"application\/ld+json\" class=\"yoast-schema-graph\">{\"@context\":\"https:\/\/schema.org\",\"@graph\":[{\"@type\":\"WebPage\",\"@id\":\"https:\/\/cerkafor.com\/pt-pt\/politica-de-cookies\/\",\"url\":\"https:\/\/cerkafor.com\/pt-pt\/politica-de-cookies\/\",\"name\":\"Cerkafor Distribuci\u00f3n y Servicios - POL\u00cdTICA DE COOKIES\",\"isPartOf\":{\"@id\":\"https:\/\/cerkafor.com\/pt-pt\/#website\"},\"datePublished\":\"2018-06-25T09:14:47+00:00\",\"dateModified\":\"2022-03-05T01:54:40+00:00\",\"description\":\"Pol\u00edtica de cookies Um dos artigos da LSSI (Lei da Sociedade da Informa\u00e7\u00e3o e Com\u00e9rcio Electr\u00f3nico), obriga-nos a inform\u00e1-lo sobre o tipo de cookies, a\",\"breadcrumb\":{\"@id\":\"https:\/\/cerkafor.com\/pt-pt\/politica-de-cookies\/#breadcrumb\"},\"inLanguage\":\"pt-PT\",\"potentialAction\":[{\"@type\":\"ReadAction\",\"target\":[\"https:\/\/cerkafor.com\/pt-pt\/politica-de-cookies\/\"]}]},{\"@type\":\"BreadcrumbList\",\"@id\":\"https:\/\/cerkafor.com\/pt-pt\/politica-de-cookies\/#breadcrumb\",\"itemListElement\":[{\"@type\":\"ListItem\",\"position\":1,\"name\":\"Portada\",\"item\":\"https:\/\/cerkafor.com\/pt-pt\/cerkafor-distribuicao-e-servicos\/\"},{\"@type\":\"ListItem\",\"position\":2,\"name\":\"POL\u00cdTICA DE COOKIES\"}]},{\"@type\":\"WebSite\",\"@id\":\"https:\/\/cerkafor.com\/pt-pt\/#website\",\"url\":\"https:\/\/cerkafor.com\/pt-pt\/\",\"name\":\"Cerkafor Distribuci\u00f3n y Servicios\",\"description\":\"Especialistas en derivados del acero, riego y cercados\",\"publisher\":{\"@id\":\"https:\/\/cerkafor.com\/pt-pt\/#organization\"},\"potentialAction\":[{\"@type\":\"SearchAction\",\"target\":{\"@type\":\"EntryPoint\",\"urlTemplate\":\"https:\/\/cerkafor.com\/pt-pt\/?s={search_term_string}\"},\"query-input\":\"required name=search_term_string\"}],\"inLanguage\":\"pt-PT\"},{\"@type\":\"Organization\",\"@id\":\"https:\/\/cerkafor.com\/pt-pt\/#organization\",\"name\":\"Cerkafor Ambiente\",\"url\":\"https:\/\/cerkafor.com\/pt-pt\/\",\"logo\":{\"@type\":\"ImageObject\",\"inLanguage\":\"pt-PT\",\"@id\":\"https:\/\/cerkafor.com\/pt-pt\/#\/schema\/logo\/image\/\",\"url\":\"https:\/\/cerkafor.com\/wp-content\/uploads\/2018\/06\/favicom-ipad-retina.png\",\"contentUrl\":\"https:\/\/cerkafor.com\/wp-content\/uploads\/2018\/06\/favicom-ipad-retina.png\",\"width\":144,\"height\":144,\"caption\":\"Cerkafor Ambiente\"},\"image\":{\"@id\":\"https:\/\/cerkafor.com\/pt-pt\/#\/schema\/logo\/image\/\"},\"sameAs\":[\"https:\/\/www.facebook.com\/CERKAFOR\/\"]}]}<\/script>\n<!-- \/ Yoast SEO Premium plugin. -->","yoast_head_json":{"title":"Cerkafor Distribuci\u00f3n y Servicios - POL\u00cdTICA DE COOKIES","description":"Pol\u00edtica de cookies Um dos artigos da LSSI (Lei da Sociedade da Informa\u00e7\u00e3o e Com\u00e9rcio Electr\u00f3nico), obriga-nos a inform\u00e1-lo sobre o tipo de cookies, a","robots":{"index":"noindex","follow":"nofollow"},"og_locale":"pt_PT","og_type":"article","og_title":"POL\u00cdTICA DE COOKIES","og_description":"Pol\u00edtica de cookies Um dos artigos da LSSI (Lei da Sociedade da Informa\u00e7\u00e3o e Com\u00e9rcio Electr\u00f3nico), obriga-nos a inform\u00e1-lo sobre o tipo de cookies, a","og_url":"https:\/\/cerkafor.com\/pt-pt\/politica-de-cookies\/","og_site_name":"Cerkafor Distribuci\u00f3n y Servicios","article_publisher":"https:\/\/www.facebook.com\/CERKAFOR\/","article_modified_time":"2022-03-05T01:54:40+00:00","og_image":[{"width":1400,"height":700,"url":"https:\/\/cerkafor.com\/wp-content\/uploads\/2018\/08\/Banner-fabricacion.jpg","type":"image\/jpeg"}],"twitter_card":"summary_large_image","twitter_misc":{"Est. reading time":"8 minutes"},"schema":{"@context":"https:\/\/schema.org","@graph":[{"@type":"WebPage","@id":"https:\/\/cerkafor.com\/pt-pt\/politica-de-cookies\/","url":"https:\/\/cerkafor.com\/pt-pt\/politica-de-cookies\/","name":"Cerkafor Distribuci\u00f3n y Servicios - POL\u00cdTICA DE COOKIES","isPartOf":{"@id":"https:\/\/cerkafor.com\/pt-pt\/#website"},"datePublished":"2018-06-25T09:14:47+00:00","dateModified":"2022-03-05T01:54:40+00:00","description":"Pol\u00edtica de cookies Um dos artigos da LSSI (Lei da Sociedade da Informa\u00e7\u00e3o e Com\u00e9rcio Electr\u00f3nico), obriga-nos a inform\u00e1-lo sobre o tipo de cookies, a","breadcrumb":{"@id":"https:\/\/cerkafor.com\/pt-pt\/politica-de-cookies\/#breadcrumb"},"inLanguage":"pt-PT","potentialAction":[{"@type":"ReadAction","target":["https:\/\/cerkafor.com\/pt-pt\/politica-de-cookies\/"]}]},{"@type":"BreadcrumbList","@id":"https:\/\/cerkafor.com\/pt-pt\/politica-de-cookies\/#breadcrumb","itemListElement":[{"@type":"ListItem","position":1,"name":"Portada","item":"https:\/\/cerkafor.com\/pt-pt\/cerkafor-distribuicao-e-servicos\/"},{"@type":"ListItem","position":2,"name":"POL\u00cdTICA DE COOKIES"}]},{"@type":"WebSite","@id":"https:\/\/cerkafor.com\/pt-pt\/#website","url":"https:\/\/cerkafor.com\/pt-pt\/","name":"Cerkafor Distribuci\u00f3n y Servicios","description":"Especialistas en derivados del acero, riego y cercados","publisher":{"@id":"https:\/\/cerkafor.com\/pt-pt\/#organization"},"potentialAction":[{"@type":"SearchAction","target":{"@type":"EntryPoint","urlTemplate":"https:\/\/cerkafor.com\/pt-pt\/?s={search_term_string}"},"query-input":"required name=search_term_string"}],"inLanguage":"pt-PT"},{"@type":"Organization","@id":"https:\/\/cerkafor.com\/pt-pt\/#organization","name":"Cerkafor Ambiente","url":"https:\/\/cerkafor.com\/pt-pt\/","logo":{"@type":"ImageObject","inLanguage":"pt-PT","@id":"https:\/\/cerkafor.com\/pt-pt\/#\/schema\/logo\/image\/","url":"https:\/\/cerkafor.com\/wp-content\/uploads\/2018\/06\/favicom-ipad-retina.png","contentUrl":"https:\/\/cerkafor.com\/wp-content\/uploads\/2018\/06\/favicom-ipad-retina.png","width":144,"height":144,"caption":"Cerkafor Ambiente"},"image":{"@id":"https:\/\/cerkafor.com\/pt-pt\/#\/schema\/logo\/image\/"},"sameAs":["https:\/\/www.facebook.com\/CERKAFOR\/"]}]}},"_links":{"self":[{"href":"https:\/\/cerkafor.com\/pt-pt\/wp-json\/wp\/v2\/pages\/13645"}],"collection":[{"href":"https:\/\/cerkafor.com\/pt-pt\/wp-json\/wp\/v2\/pages"}],"about":[{"href":"https:\/\/cerkafor.com\/pt-pt\/wp-json\/wp\/v2\/types\/page"}],"author":[{"embeddable":true,"href":"https:\/\/cerkafor.com\/pt-pt\/wp-json\/wp\/v2\/users\/1"}],"replies":[{"embeddable":true,"href":"https:\/\/cerkafor.com\/pt-pt\/wp-json\/wp\/v2\/comments?post=13645"}],"version-history":[{"count":2,"href":"https:\/\/cerkafor.com\/pt-pt\/wp-json\/wp\/v2\/pages\/13645\/revisions"}],"predecessor-version":[{"id":13647,"href":"https:\/\/cerkafor.com\/pt-pt\/wp-json\/wp\/v2\/pages\/13645\/revisions\/13647"}],"wp:attachment":[{"href":"https:\/\/cerkafor.com\/pt-pt\/wp-json\/wp\/v2\/media?parent=13645"}],"curies":[{"name":"wp","href":"https:\/\/api.w.org\/{rel}","templated":true}]}}